{"id":2968,"date":"2026-04-27T14:16:36","date_gmt":"2026-04-27T17:16:36","guid":{"rendered":"https:\/\/seguetodavidareto.com\/?page_id=2968"},"modified":"2026-04-27T14:16:37","modified_gmt":"2026-04-27T17:16:37","slug":"transparencia","status":"publish","type":"page","link":"https:\/\/seguetodavidareto.com\/en\/transparencia\/","title":{"rendered":"transparencia"},"content":{"rendered":"<p>Alguns links presentes neste site s\u00e3o links de afiliados.<\/p>\n\n\n\n<p>Isso significa que, ao clicar nesses links e realizar uma compra ou reserva, podemos receber uma comiss\u00e3o, sem nenhum custo adicional para voc\u00ea.<\/p>\n\n\n\n<p>Essas recomenda\u00e7\u00f5es s\u00e3o feitas com base em experi\u00eancias reais, pesquisas e an\u00e1lise de qualidade dos servi\u00e7os.<\/p>\n\n\n\n<p>Nosso objetivo \u00e9 indicar apenas produtos e servi\u00e7os que realmente agreguem valor \u00e0 sua viagem.<\/p>\n\n\n\n<p>Essa comiss\u00e3o ajuda a manter o site ativo e a continuar produzindo conte\u00fado gratuito.<\/p>\n\n\n\n<p>A decis\u00e3o de compra \u00e9 sempre sua, e recomendamos que voc\u00ea avalie todas as op\u00e7\u00f5es antes de contratar qualquer servi\u00e7o.<\/p>","protected":false},"excerpt":{"rendered":"<p>Alguns links presentes neste site s\u00e3o links de afiliados. Isso significa que, ao clicar nesses links e realizar uma compra [&hellip;]<\/p>\n","protected":false},"author":1,"featured_media":0,"parent":0,"menu_order":0,"comment_status":"closed","ping_status":"closed","template":"","meta":{"_surecart_dashboard_logo_width":"180px","_surecart_dashboard_show_logo":true,"_surecart_dashboard_navigation_orders":true,"_surecart_dashboard_navigation_invoices":true,"_surecart_dashboard_navigation_subscriptions":true,"_surecart_dashboard_navigation_downloads":true,"_surecart_dashboard_navigation_billing":true,"_surecart_dashboard_navigation_account":true,"_uag_custom_page_level_css":"","site-sidebar-layout":"default","site-content-layout":"","ast-site-content-layout":"default","site-content-style":"default","site-sidebar-style":"default","ast-global-header-display":"","ast-banner-title-visibility":"","ast-main-header-display":"","ast-hfb-above-header-display":"","ast-hfb-below-header-display":"","ast-hfb-mobile-header-display":"","site-post-title":"","ast-breadcrumbs-content":"","ast-featured-img":"","footer-sml-layout":"","ast-disable-related-posts":"","theme-transparent-header-meta":"","adv-header-id-meta":"","stick-header-meta":"","header-above-stick-meta":"","header-main-stick-meta":"","header-below-stick-meta":"","astra-migrate-meta-layouts":"set","ast-page-background-enabled":"default","ast-page-background-meta":{"desktop":{"background-color":"","background-image":"","background-repeat":"repeat","background-position":"center center","background-size":"auto","background-attachment":"scroll","background-type":"","background-media":"","overlay-type":"","overlay-color":"","overlay-opacity":"","overlay-gradient":""},"tablet":{"background-color":"","background-image":"","background-repeat":"repeat","background-position":"center center","background-size":"auto","background-attachment":"scroll","background-type":"","background-media":"","overlay-type":"","overlay-color":"","overlay-opacity":"","overlay-gradient":""},"mobile":{"background-color":"","background-image":"","background-repeat":"repeat","background-position":"center center","background-size":"auto","background-attachment":"scroll","background-type":"","background-media":"","overlay-type":"","overlay-color":"","overlay-opacity":"","overlay-gradient":""}},"ast-content-background-meta":{"desktop":{"background-color":"var(--ast-global-color-5)","background-image":"","background-repeat":"repeat","background-position":"center center","background-size":"auto","background-attachment":"scroll","background-type":"","background-media":"","overlay-type":"","overlay-color":"","overlay-opacity":"","overlay-gradient":""},"tablet":{"background-color":"var(--ast-global-color-5)","background-image":"","background-repeat":"repeat","background-position":"center center","background-size":"auto","background-attachment":"scroll","background-type":"","background-media":"","overlay-type":"","overlay-color":"","overlay-opacity":"","overlay-gradient":""},"mobile":{"background-color":"var(--ast-global-color-5)","background-image":"","background-repeat":"repeat","background-position":"center center","background-size":"auto","background-attachment":"scroll","background-type":"","background-media":"","overlay-type":"","overlay-color":"","overlay-opacity":"","overlay-gradient":""}},"footnotes":""},"class_list":["post-2968","page","type-page","status-publish","hentry"],"yoast_head":"<!-- This site is optimized with the Yoast SEO Premium plugin v27.4 (Yoast SEO v27.4) - https:\/\/yoast.com\/product\/yoast-seo-premium-wordpress\/ -->\n<title>transparencia - Segue Toda Vida Reto<\/title>\n<meta name=\"robots\" content=\"index, follow, max-snippet:-1, max-image-preview:large, max-video-preview:-1\" \/>\n<link rel=\"canonical\" href=\"https:\/\/seguetodavidareto.com\/en\/transparencia\/\" \/>\n<meta property=\"og:locale\" content=\"en_GB\" \/>\n<meta property=\"og:type\" content=\"article\" \/>\n<meta property=\"og:title\" content=\"transparencia\" \/>\n<meta property=\"og:description\" content=\"Alguns links presentes neste site s\u00e3o links de afiliados. Isso significa que, ao clicar nesses links e realizar uma compra [&hellip;]\" \/>\n<meta property=\"og:url\" content=\"https:\/\/seguetodavidareto.com\/en\/transparencia\/\" \/>\n<meta property=\"og:site_name\" content=\"Segue Toda Vida Reto\" \/>\n<meta property=\"article:modified_time\" content=\"2026-04-27T17:16:37+00:00\" \/>\n<meta name=\"twitter:card\" content=\"summary_large_image\" \/>\n<meta name=\"twitter:label1\" content=\"Estimated reading time\" \/>\n\t<meta name=\"twitter:data1\" content=\"1 minute\" \/>\n<script type=\"application\/ld+json\" class=\"yoast-schema-graph\">{\"@context\":\"https:\\\/\\\/schema.org\",\"@graph\":[{\"@type\":\"WebPage\",\"@id\":\"https:\\\/\\\/seguetodavidareto.com\\\/transparencia\\\/\",\"url\":\"https:\\\/\\\/seguetodavidareto.com\\\/transparencia\\\/\",\"name\":\"transparencia - Segue Toda Vida Reto\",\"isPartOf\":{\"@id\":\"https:\\\/\\\/seguetodavidareto.com\\\/#website\"},\"datePublished\":\"2026-04-27T17:16:36+00:00\",\"dateModified\":\"2026-04-27T17:16:37+00:00\",\"breadcrumb\":{\"@id\":\"https:\\\/\\\/seguetodavidareto.com\\\/transparencia\\\/#breadcrumb\"},\"inLanguage\":\"en-GB\",\"potentialAction\":[{\"@type\":\"ReadAction\",\"target\":[\"https:\\\/\\\/seguetodavidareto.com\\\/transparencia\\\/\"]}]},{\"@type\":\"BreadcrumbList\",\"@id\":\"https:\\\/\\\/seguetodavidareto.com\\\/transparencia\\\/#breadcrumb\",\"itemListElement\":[{\"@type\":\"ListItem\",\"position\":1,\"name\":\"In\u00edcio\",\"item\":\"https:\\\/\\\/seguetodavidareto.com\\\/\"},{\"@type\":\"ListItem\",\"position\":2,\"name\":\"transparencia\"}]},{\"@type\":\"WebSite\",\"@id\":\"https:\\\/\\\/seguetodavidareto.com\\\/#website\",\"url\":\"https:\\\/\\\/seguetodavidareto.com\\\/\",\"name\":\"Segue Toda Vida Reto\",\"description\":\"\",\"publisher\":{\"@id\":\"https:\\\/\\\/seguetodavidareto.com\\\/#\\\/schema\\\/person\\\/5ec0ef2e2e50c51de3224d5b7473d046\"},\"potentialAction\":[{\"@type\":\"SearchAction\",\"target\":{\"@type\":\"EntryPoint\",\"urlTemplate\":\"https:\\\/\\\/seguetodavidareto.com\\\/?s={search_term_string}\"},\"query-input\":{\"@type\":\"PropertyValueSpecification\",\"valueRequired\":true,\"valueName\":\"search_term_string\"}}],\"inLanguage\":\"en-GB\"},{\"@type\":[\"Person\",\"Organization\"],\"@id\":\"https:\\\/\\\/seguetodavidareto.com\\\/#\\\/schema\\\/person\\\/5ec0ef2e2e50c51de3224d5b7473d046\",\"name\":\"heloisafelippe\",\"image\":{\"@type\":\"ImageObject\",\"inLanguage\":\"en-GB\",\"@id\":\"https:\\\/\\\/seguetodavidareto.com\\\/wp-content\\\/uploads\\\/2020\\\/10\\\/IMG_0300-scaled-e1700837783943.jpeg\",\"url\":\"https:\\\/\\\/seguetodavidareto.com\\\/wp-content\\\/uploads\\\/2020\\\/10\\\/IMG_0300-scaled-e1700837783943.jpeg\",\"contentUrl\":\"https:\\\/\\\/seguetodavidareto.com\\\/wp-content\\\/uploads\\\/2020\\\/10\\\/IMG_0300-scaled-e1700837783943.jpeg\",\"width\":1024,\"height\":1024,\"caption\":\"heloisafelippe\"},\"logo\":{\"@id\":\"https:\\\/\\\/seguetodavidareto.com\\\/wp-content\\\/uploads\\\/2020\\\/10\\\/IMG_0300-scaled-e1700837783943.jpeg\"},\"sameAs\":[\"https:\\\/\\\/seguetodavidareto.com\",\"https:\\\/\\\/www.instagram.com\\\/heloisafelippe\\\/\"]}]}<\/script>\n<!-- \/ Yoast SEO Premium plugin. -->","yoast_head_json":{"title":"transparencia - Segue Toda Vida Reto","robots":{"index":"index","follow":"follow","max-snippet":"max-snippet:-1","max-image-preview":"max-image-preview:large","max-video-preview":"max-video-preview:-1"},"canonical":"https:\/\/seguetodavidareto.com\/en\/transparencia\/","og_locale":"en_GB","og_type":"article","og_title":"transparencia","og_description":"Alguns links presentes neste site s\u00e3o links de afiliados. Isso significa que, ao clicar nesses links e realizar uma compra [&hellip;]","og_url":"https:\/\/seguetodavidareto.com\/en\/transparencia\/","og_site_name":"Segue Toda Vida Reto","article_modified_time":"2026-04-27T17:16:37+00:00","twitter_card":"summary_large_image","twitter_misc":{"Estimated reading time":"1 minute"},"schema":{"@context":"https:\/\/schema.org","@graph":[{"@type":"WebPage","@id":"https:\/\/seguetodavidareto.com\/transparencia\/","url":"https:\/\/seguetodavidareto.com\/transparencia\/","name":"transparencia - Segue Toda Vida Reto","isPartOf":{"@id":"https:\/\/seguetodavidareto.com\/#website"},"datePublished":"2026-04-27T17:16:36+00:00","dateModified":"2026-04-27T17:16:37+00:00","breadcrumb":{"@id":"https:\/\/seguetodavidareto.com\/transparencia\/#breadcrumb"},"inLanguage":"en-GB","potentialAction":[{"@type":"ReadAction","target":["https:\/\/seguetodavidareto.com\/transparencia\/"]}]},{"@type":"BreadcrumbList","@id":"https:\/\/seguetodavidareto.com\/transparencia\/#breadcrumb","itemListElement":[{"@type":"ListItem","position":1,"name":"In\u00edcio","item":"https:\/\/seguetodavidareto.com\/"},{"@type":"ListItem","position":2,"name":"transparencia"}]},{"@type":"WebSite","@id":"https:\/\/seguetodavidareto.com\/#website","url":"https:\/\/seguetodavidareto.com\/","name":"Segue Toda Vida Reto","description":"","publisher":{"@id":"https:\/\/seguetodavidareto.com\/#\/schema\/person\/5ec0ef2e2e50c51de3224d5b7473d046"},"potentialAction":[{"@type":"SearchAction","target":{"@type":"EntryPoint","urlTemplate":"https:\/\/seguetodavidareto.com\/?s={search_term_string}"},"query-input":{"@type":"PropertyValueSpecification","valueRequired":true,"valueName":"search_term_string"}}],"inLanguage":"en-GB"},{"@type":["Person","Organization"],"@id":"https:\/\/seguetodavidareto.com\/#\/schema\/person\/5ec0ef2e2e50c51de3224d5b7473d046","name":"heloisafelippe","image":{"@type":"ImageObject","inLanguage":"en-GB","@id":"https:\/\/seguetodavidareto.com\/wp-content\/uploads\/2020\/10\/IMG_0300-scaled-e1700837783943.jpeg","url":"https:\/\/seguetodavidareto.com\/wp-content\/uploads\/2020\/10\/IMG_0300-scaled-e1700837783943.jpeg","contentUrl":"https:\/\/seguetodavidareto.com\/wp-content\/uploads\/2020\/10\/IMG_0300-scaled-e1700837783943.jpeg","width":1024,"height":1024,"caption":"heloisafelippe"},"logo":{"@id":"https:\/\/seguetodavidareto.com\/wp-content\/uploads\/2020\/10\/IMG_0300-scaled-e1700837783943.jpeg"},"sameAs":["https:\/\/seguetodavidareto.com","https:\/\/www.instagram.com\/heloisafelippe\/"]}]}},"uagb_featured_image_src":{"full":false,"thumbnail":false,"medium":false,"medium_large":false,"large":false,"1536x1536":false,"2048x2048":false,"trp-custom-language-flag":false},"uagb_author_info":{"display_name":"heloisafelippe","author_link":"https:\/\/seguetodavidareto.com\/en\/author\/heloisafelippe\/"},"uagb_comment_info":0,"uagb_excerpt":"Alguns links presentes neste site s\u00e3o links de afiliados. Isso significa que, ao clicar nesses links e realizar uma compra [&hellip;]","_links":{"self":[{"href":"https:\/\/seguetodavidareto.com\/en\/wp-json\/wp\/v2\/pages\/2968","targetHints":{"allow":["GET"]}}],"collection":[{"href":"https:\/\/seguetodavidareto.com\/en\/wp-json\/wp\/v2\/pages"}],"about":[{"href":"https:\/\/seguetodavidareto.com\/en\/wp-json\/wp\/v2\/types\/page"}],"author":[{"embeddable":true,"href":"https:\/\/seguetodavidareto.com\/en\/wp-json\/wp\/v2\/users\/1"}],"replies":[{"embeddable":true,"href":"https:\/\/seguetodavidareto.com\/en\/wp-json\/wp\/v2\/comments?post=2968"}],"version-history":[{"count":1,"href":"https:\/\/seguetodavidareto.com\/en\/wp-json\/wp\/v2\/pages\/2968\/revisions"}],"predecessor-version":[{"id":2969,"href":"https:\/\/seguetodavidareto.com\/en\/wp-json\/wp\/v2\/pages\/2968\/revisions\/2969"}],"wp:attachment":[{"href":"https:\/\/seguetodavidareto.com\/en\/wp-json\/wp\/v2\/media?parent=2968"}],"curies":[{"name":"wp","href":"https:\/\/api.w.org\/{rel}","templated":true}]}}